{"id":4275,"date":"2018-12-02T03:01:31","date_gmt":"2018-12-02T03:01:31","guid":{"rendered":"https:\/\/themes.zytheme.com\/kolaso\/?page_id=4275"},"modified":"2022-03-20T18:02:15","modified_gmt":"2022-03-20T18:02:15","slug":"homepage-startup","status":"publish","type":"page","link":"https:\/\/igciluminacion.com\/","title":{"rendered":"Homepage Startup"},"content":{"rendered":"<p>[vc_row][vc_column][rev_slider_vc alias=\u00bbstartup\u00bb][vc_raw_html]JTNDYSUyMGRhdGEtc2Nyb2xsJTNEJTIyc2Nyb2xsVG8lMjIlMjBocmVmJTNEJTIyJTIzZmVhdHVyZXM2JTIyJTIwY2xhc3MlM0QlMjJzZWN0aW9uLXNyb2xsaW5nJTIyJTNFU2Nyb2xsJTNDJTJGYSUzRQ==[\/vc_raw_html][\/vc_column][\/vc_row][vc_row full_width=\u00bbstretch_row\u00bb css=\u00bb.vc_custom_1548681458409{padding-top: 130px !important;padding-bottom: 90px !important;}\u00bb el_id=\u00bbfeatures6&#8243;][vc_column][vc_row_inner][vc_column_inner width=\u00bb1\/12&#8243; offset=\u00bbvc_col-lg-3 vc_col-md-3&#8243;][\/vc_column_inner][vc_column_inner width=\u00bb5\/6&#8243; offset=\u00bbvc_col-lg-6 vc_col-md-6&#8243;]<div  class=\"kolaso_heading wpb_animate_when_almost_visible wpb_fadeInUp fadeInUp\"><div class=\"heading  text-center heading-1\"><div class=\"heading-subtitle\" style=\"\">Marcamos la diferencia<\/div> <h2 class=\"heading-title\" style=\"\">Soluciones a medida de calidad<\/h2><div class=\"heading-desc\" style=\"\">En todos nuestros campos de actuaci\u00f3n ofrecemos servicios de excelencia que nos diferencian por la alta valoraci\u00f3n de nuestros clientes.<\/div> <\/div><\/div>[\/vc_column_inner][vc_column_inner width=\u00bb1\/12&#8243; offset=\u00bbvc_col-lg-3 vc_col-md-3&#8243;][\/vc_column_inner][\/vc_row_inner][vc_empty_space height=\u00bb70px\u00bb][vc_row_inner][vc_column_inner width=\u00bb1\/2&#8243; offset=\u00bbvc_col-lg-3 vc_col-md-3&#8243;]<div  class=\"zytheme_features features features-5\"><div class=\"feature-panel text-left\"><div class=\"feature-icon\"><i class=\"kolaso-Paint\"><\/i><\/div><!-- .feature-icon end --><div class=\"feature-content\"><h4>Proyectos<\/h4><p style=\"color:#424242;\">Nos implicamos desde la fase proyecto con nuestros clientes acompa\u00f1ando y asesorando en todo el proceso para la consecuci\u00f3n de los objetivos marcados.<\/p><\/div><!-- .feature-content end --><\/div><\/div>[\/vc_column_inner][vc_column_inner width=\u00bb1\/2&#8243; offset=\u00bbvc_col-lg-3 vc_col-md-3&#8243;]<div  class=\"zytheme_features features features-5 active\"><div class=\"feature-panel text-left\"><div class=\"feature-icon\"><i class=\"fa fa-bolt\"><\/i><\/div><!-- .feature-icon end --><div class=\"feature-content\"><h4>Instalaciones el\u00e9ctricas<\/h4><p style=\"color:#424242;\">Para eventos y audiovisuales, ofrecemos soluciones integrales a nuestros clientes ayud\u00e1ndonos en la \u00faltima tecnolog\u00eda<\/p><\/div><!-- .feature-content end --><\/div><\/div>[\/vc_column_inner][vc_column_inner width=\u00bb1\/2&#8243; offset=\u00bbvc_col-lg-3 vc_col-md-3&#8243;]<div  class=\"zytheme_features features features-5\"><div class=\"feature-panel text-left\"><div class=\"feature-icon\"><i class=\"oi ti ti-reload\"><\/i><\/div><!-- .feature-icon end --><div class=\"feature-content\"><h4>Energ\u00edas renovables y movilidad el\u00e9ctrica<\/h4><p style=\"color:#424242;\">Como empresa puntera en el sector el\u00e9ctrico, consideramos que el futuro es la energ\u00eda limpia, por ello nos hemos enfocado en su potenciaci\u00f3n a trav\u00e9s de nuestros equipos de instaladores y partners.<\/p><\/div><!-- .feature-content end --><\/div><\/div>[\/vc_column_inner][vc_column_inner width=\u00bb1\/2&#8243; offset=\u00bbvc_col-lg-3 vc_col-md-3&#8243;]<div  class=\"zytheme_features features features-5\"><div class=\"feature-panel text-left\"><div class=\"feature-icon\"><i class=\"oi ti ti-thumb-up\"><\/i><\/div><!-- .feature-icon end --><div class=\"feature-content\"><h4>Mantenimiento industrial<\/h4><p style=\"color:#424242;\">Desde 2013 ponemos a disposici\u00f3n de nuestros clientes un equipo altamente cualificado para el mantenimiento integral de sus equipos e instalaciones acorde a las diferentes normativas vigentes garantizando as\u00ed la seguridad y funcionalidad exigida por la normativa.<\/p><\/div><!-- .feature-content end --><\/div><\/div>[\/vc_column_inner][\/vc_row_inner][\/vc_column][\/vc_row][vc_row full_width=\u00bbstretch_row_content_no_spaces\u00bb css=\u00bb.vc_custom_1549720984235{padding-top: 5px !important;padding-bottom: 5px !important;}\u00bb][vc_column][vc_separator color=\u00bbcustom\u00bb accent_color=\u00bb#eaeaea\u00bb][\/vc_column][\/vc_row][vc_row full_width=\u00bbstretch_row\u00bb css=\u00bb.vc_custom_1548681502120{padding-top: 60px !important;padding-bottom: 70px !important;}\u00bb][vc_column][\/vc_column][\/vc_row][vc_row full_width=\u00bbstretch_row_content_no_spaces\u00bb css=\u00bb.vc_custom_1550276026904{padding-top: 130px !important;padding-bottom: 70px !important;background-image: url(https:\/\/themes.zytheme.com\/kolaso\/wp-content\/uploads\/2018\/12\/1.jpg?id=4267) !important;background-position: center !important;background-repeat: no-repeat !important;background-size: cover !important;}\u00bb el_class=\u00bbvc-overlap bg-parallax bg-overlay bg-overlay-dark\u00bb][vc_column css_animation=\u00bbfadeInUp\u00bb offset=\u00bbvc_col-lg-6 vc_col-md-6&#8243;][vc_raw_html]JTNDZGl2JTIwY2xhc3MlM0QlMjJtb2NrdXAtaW1nJTIyJTNFJTBBJTNDaW1nJTIwc3JjJTNEJTIyaHR0cHMlM0ElMkYlMkZ0aGVtZXMuenl0aGVtZS5jb20lMkZrb2xhc28lMkZ3cC1jb250ZW50JTJGdXBsb2FkcyUyRjIwMTklMkYwMiUyRkxhcHRvcC0xLnBuZyUyMiUyMGFsdCUzRCUyMm1vY2t1cCUyMiUzRSUwQSUzQyUyRmRpdiUzRQ==[\/vc_raw_html][\/vc_column][vc_column css=\u00bb.vc_custom_1550014324042{padding-right: 100px !important;padding-left: 15px !important;}\u00bb el_class=\u00bbp-xs-15 p-sm-15&#8243; offset=\u00bbvc_col-lg-6 vc_col-md-6&#8243;]<div  class=\"kolaso_heading wpb_animate_when_almost_visible wpb_fadeInUp fadeInUp\"><div class=\"heading  text-left text-light heading-2\"><h2 class=\"heading-title\" style=\"\">Proyectos 360, soluciones integrales<\/h2><div class=\"heading-desc\" style=\"\">Integramos todas soluciones necesarias para el desarrollo satisfactorio de tus proyectos<\/div> <\/div><\/div>[vc_empty_space height=\u00bb45px\u00bb][vc_row_inner][vc_column_inner width=\u00bb1\/2&#8243;]<div  class=\"zytheme_features features features-2\"><div class=\"feature-panel \"><div class=\"feature-icon\"><i class=\"kolaso-Printer\"><\/i><\/div><!-- .feature-icon end --><div class=\"feature-content\"><h4>Fase proyecto<\/h4><p>Nos involucramos desde el incio de tu proyecto para darte soporte desde el principio<\/p><\/div><!-- .feature-content end --><\/div><\/div>[\/vc_column_inner][vc_column_inner width=\u00bb1\/2&#8243;]<div  class=\"zytheme_features features features-2\"><div class=\"feature-panel \"><div class=\"feature-icon\"><i class=\"kolaso-Astronaut-Icon\"><\/i><\/div><!-- .feature-icon end --><div class=\"feature-content\"><h4>Expertise<\/h4><p>Contamos con la experiencia que solo puede dar el tiempo y el trabajo duro<\/p><\/div><!-- .feature-content end --><\/div><\/div>[\/vc_column_inner][\/vc_row_inner][vc_row_inner][vc_column_inner width=\u00bb1\/2&#8243;]<div  class=\"zytheme_features features features-2\"><div class=\"feature-panel \"><div class=\"feature-icon\"><i class=\"kolaso-Coins\"><\/i><\/div><!-- .feature-icon end --><div class=\"feature-content\"><h4>Relaci\u00f3n calidad precio<\/h4><p>Tus proyectos sin sobresaltos<\/p><\/div><!-- .feature-content end --><\/div><\/div>[\/vc_column_inner][vc_column_inner width=\u00bb1\/2&#8243;]<div  class=\"zytheme_features features features-2\"><div class=\"feature-panel \"><div class=\"feature-icon\"><i class=\"kolaso-Gear\"><\/i><\/div><!-- .feature-icon end --><div class=\"feature-content\"><h4>I+D<\/h4><p>Innovamos constantemente en nuestros procesos y productos para asegurarnos de estar a la ultima<\/p><\/div><!-- .feature-content end --><\/div><\/div>[\/vc_column_inner][\/vc_row_inner][\/vc_column][\/vc_row][vc_row full_width=\u00bbstretch_row_content_no_spaces\u00bb css=\u00bb.vc_custom_1548682353961{padding-top: 5px !important;padding-bottom: 5px !important;background-color: #ffffff !important;}\u00bb][vc_column][vc_separator color=\u00bbcustom\u00bb accent_color=\u00bb#eaeaea\u00bb][\/vc_column][\/vc_row][vc_row full_width=\u00bbstretch_row\u00bb css=\u00bb.vc_custom_1549721805283{padding-top: 60px !important;padding-bottom: 60px !important;}\u00bb][vc_column]<div  class=\"kolaso_cta cta cta-1 text-left cta-dark \"><div class=\"cta-content\"><h2 class=\"cta-title\">Hagamos realidad tus proyectos!<\/h2><p class=\"cta-desc\">Te acompa\u00f1amos en tus proyectos para alcanzar la excelencia en todos ellos<\/p><\/div><div class=\"cta-button\"><a href=\"https:\/\/igciluminacion.com\/index.php\/contact-us\/\" title=\"Contacto\" target=\"_self\" class=\"btn btn-primary btn-rounded btn-normal\">Contacto<\/a><\/div><\/div>[\/vc_column][\/vc_row][vc_row full_width=\u00bbstretch_row_content_no_spaces\u00bb el_class=\u00bbbg-parallax\u00bb css=\u00bb.vc_custom_1550921098403{background-color: #f9f9f9 !important;background-position: center !important;background-repeat: no-repeat !important;background-size: contain !important;}\u00bb][vc_column css_animation=\u00bbfadeInUp\u00bb width=\u00bb1\/2&#8243; css=\u00bb.vc_custom_1550920342970{padding-top: 100px !important;padding-right: 85px !important;padding-left: 85px !important;border-radius: 5px !important;}\u00bb el_class=\u00bbp-xs-3 p-sm-3 m-xs-0&#8243;]<div  class=\"kolaso_heading\"><div class=\"heading  text-left heading-1\"><h2 class=\"heading-title\" style=\"\">Cont\u00e1ctanos<\/h2><\/div><\/div>[vc_empty_space height=\u00bb60px\u00bb]\n<div class=\"wpcf7 no-js\" id=\"wpcf7-f5-o1\" lang=\"es-ES\" dir=\"ltr\" data-wpcf7-id=\"5\">\n<div class=\"screen-reader-response\"><p role=\"status\" aria-live=\"polite\" aria-atomic=\"true\"><\/p> <ul><\/ul><\/div>\n<form action=\"\/index.php\/wp-json\/wp\/v2\/pages\/4275#wpcf7-f5-o1\" method=\"post\" class=\"wpcf7-form init\" aria-label=\"Formulario de contacto\" novalidate=\"novalidate\" data-status=\"init\">\n<fieldset class=\"hidden-fields-container\"><input type=\"hidden\" name=\"_wpcf7\" value=\"5\" \/><input type=\"hidden\" name=\"_wpcf7_version\" value=\"6.1.5\" \/><input type=\"hidden\" name=\"_wpcf7_locale\" value=\"es_ES\" \/><input type=\"hidden\" name=\"_wpcf7_unit_tag\" value=\"wpcf7-f5-o1\" \/><input type=\"hidden\" name=\"_wpcf7_container_post\" value=\"0\" \/><input type=\"hidden\" name=\"_wpcf7_posted_data_hash\" value=\"\" \/>\n<\/fieldset>\n<p><label> Nombre<br \/>\n<span class=\"wpcf7-form-control-wrap\" data-name=\"nombre\"><input size=\"40\" maxlength=\"400\" class=\"wpcf7-form-control wpcf7-text wpcf7-validates-as-required\" aria-required=\"true\" aria-invalid=\"false\" value=\"\" type=\"text\" name=\"nombre\" \/><\/span> <\/label>\n<\/p>\n<p><label> Email<br \/>\n<span class=\"wpcf7-form-control-wrap\" data-name=\"your-email\"><input size=\"40\" maxlength=\"400\" class=\"wpcf7-form-control wpcf7-email wpcf7-validates-as-required wpcf7-text wpcf7-validates-as-email\" aria-required=\"true\" aria-invalid=\"false\" value=\"\" type=\"email\" name=\"your-email\" \/><\/span> <\/label>\n<\/p>\n<p><label> Asunto<br \/>\n<span class=\"wpcf7-form-control-wrap\" data-name=\"your-subject\"><input size=\"40\" maxlength=\"400\" class=\"wpcf7-form-control wpcf7-text wpcf7-validates-as-required\" aria-required=\"true\" aria-invalid=\"false\" value=\"\" type=\"text\" name=\"your-subject\" \/><\/span> <\/label>\n<\/p>\n<p><label> Tu mensaje (opcional)<br \/>\n<span class=\"wpcf7-form-control-wrap\" data-name=\"your-message\"><textarea cols=\"40\" rows=\"10\" maxlength=\"2000\" class=\"wpcf7-form-control wpcf7-textarea\" aria-invalid=\"false\" name=\"your-message\"><\/textarea><\/span> <\/label>\n<\/p>\n<p><input class=\"wpcf7-form-control wpcf7-submit has-spinner\" type=\"submit\" value=\"ENVIAR\" \/>\n<\/p><div class=\"wpcf7-response-output\" aria-hidden=\"true\"><\/div>\n<\/form>\n<\/div>\n[\/vc_column][vc_column width=\u00bb1\/2&#8243; css=\u00bb.vc_custom_1550920690569{background-image: url(https:\/\/themes.zytheme.com\/kolaso\/wp-content\/uploads\/2019\/02\/2.jpg?id=4822) !important;}\u00bb][vc_empty_space height=\u00bb700px\u00bb][\/vc_column][\/vc_row]<\/p>\n","protected":false},"excerpt":{"rendered":"<p>[vc_row][vc_column][rev_slider_vc alias=\u00bbstartup\u00bb][vc_raw_html]JTNDYSUyMGRhdGEtc2Nyb2xsJTNEJTIyc2Nyb2xsVG8lMjIlMjBocmVmJTNEJTIyJTIzZmVhdHVyZXM2JTIyJTIwY2xhc3MlM0QlMjJzZWN0aW9uLXNyb2xsaW5nJTIyJTNFU2Nyb2xsJTNDJTJGYSUzRQ==[\/vc_raw_html][\/vc_column][\/vc_row][vc_row full_width=\u00bbstretch_row\u00bb css=\u00bb.vc_custom_1548681458409{padding-top: 130px !important;padding-bottom: 90px !important;}\u00bb el_id=\u00bbfeatures6&#8243;][vc_column][vc_row_inner][vc_column_inner width=\u00bb1\/12&#8243; offset=\u00bbvc_col-lg-3 vc_col-md-3&#8243;][\/vc_column_inner][vc_column_inner width=\u00bb5\/6&#8243; offset=\u00bbvc_col-lg-6 vc_col-md-6&#8243;][\/vc_column_inner][vc_column_inner width=\u00bb1\/12&#8243; offset=\u00bbvc_col-lg-3 vc_col-md-3&#8243;][\/vc_column_inner][\/vc_row_inner][vc_empty_space height=\u00bb70px\u00bb][vc_row_inner][vc_column_inner width=\u00bb1\/2&#8243; offset=\u00bbvc_col-lg-3 vc_col-md-3&#8243;][\/vc_column_inner][vc_column_inner width=\u00bb1\/2&#8243; offset=\u00bbvc_col-lg-3 vc_col-md-3&#8243;][\/vc_column_inner][vc_column_inner width=\u00bb1\/2&#8243; offset=\u00bbvc_col-lg-3 vc_col-md-3&#8243;][\/vc_column_inner][vc_column_inner width=\u00bb1\/2&#8243; offset=\u00bbvc_col-lg-3 vc_col-md-3&#8243;][\/vc_column_inner][\/vc_row_inner][\/vc_column][\/vc_row][vc_row full_width=\u00bbstretch_row_content_no_spaces\u00bb css=\u00bb.vc_custom_1549720984235{padding-top: 5px !important;padding-bottom: 5px !important;}\u00bb][vc_column][vc_separator color=\u00bbcustom\u00bb accent_color=\u00bb#eaeaea\u00bb][\/vc_column][\/vc_row][vc_row full_width=\u00bbstretch_row\u00bb css=\u00bb.vc_custom_1548681502120{padding-top: 60px !important;padding-bottom: 70px !important;}\u00bb][vc_column][\/vc_column][\/vc_row][vc_row full_width=\u00bbstretch_row_content_no_spaces\u00bb css=\u00bb.vc_custom_1550276026904{padding-top: 130px !important;padding-bottom: 70px !important;background-image: url(https:\/\/themes.zytheme.com\/kolaso\/wp-content\/uploads\/2018\/12\/1.jpg?id=4267) !important;background-position: center !important;background-repeat: [&hellip;]<\/p>\n","protected":false},"author":1,"featured_media":0,"parent":0,"menu_order":0,"comment_status":"closed","ping_status":"closed","template":"","meta":{"footnotes":""},"class_list":["post-4275","page","type-page","status-publish","hentry"],"_links":{"self":[{"href":"https:\/\/igciluminacion.com\/index.php\/wp-json\/wp\/v2\/pages\/4275","targetHints":{"allow":["GET"]}}],"collection":[{"href":"https:\/\/igciluminacion.com\/index.php\/wp-json\/wp\/v2\/pages"}],"about":[{"href":"https:\/\/igciluminacion.com\/index.php\/wp-json\/wp\/v2\/types\/page"}],"author":[{"embeddable":true,"href":"https:\/\/igciluminacion.com\/index.php\/wp-json\/wp\/v2\/users\/1"}],"replies":[{"embeddable":true,"href":"https:\/\/igciluminacion.com\/index.php\/wp-json\/wp\/v2\/comments?post=4275"}],"version-history":[{"count":7,"href":"https:\/\/igciluminacion.com\/index.php\/wp-json\/wp\/v2\/pages\/4275\/revisions"}],"predecessor-version":[{"id":5668,"href":"https:\/\/igciluminacion.com\/index.php\/wp-json\/wp\/v2\/pages\/4275\/revisions\/5668"}],"wp:attachment":[{"href":"https:\/\/igciluminacion.com\/index.php\/wp-json\/wp\/v2\/media?parent=4275"}],"curies":[{"name":"wp","href":"https:\/\/api.w.org\/{rel}","templated":true}]}}